{"id":892,"date":"2023-06-15T11:10:53","date_gmt":"2023-06-15T09:10:53","guid":{"rendered":"https:\/\/quartz.lv\/musu-darbs\/santehniskie-darbi"},"modified":"2025-05-06T19:48:16","modified_gmt":"2025-05-06T17:48:16","slug":"santehniskie-darbi","status":"publish","type":"page","link":"https:\/\/quartz.lv\/lv\/musu-darbs\/santehniskie-darbi","title":{"rendered":"Santehniskie darbi"},"content":{"rendered":"<p>M\u0113s ne tikai ra\u017eojam caurules un kr\u0101nus &#8211; m\u0113s rad\u0101m dro\u0161u sist\u0113mu, kas darbojas bez k\u013c\u016bd\u0101m. M\u0113s kontrol\u0113jam visu, s\u0101kot no s\u0101kuma l\u012bdz pat p\u0113d\u0113jam nodo\u0161anai ekspluat\u0101cij\u0101.<br \/>\nM\u0113s str\u0101d\u0101jam prec\u012bzi, iev\u0113rojam standartus un izpild\u0101m darbus laik\u0101. Neatkar\u012bgi no t\u0101, vai tas ir dz\u012bvoklis, priv\u0101tm\u0101ja vai komerci\u0101ls objekts &#8211; m\u0113s prec\u012bzi zin\u0101m, k\u0101 to izdar\u012bt pareizi no pirm\u0101s reizes.<br \/>\nM\u016bsu speci\u0101listi dom\u0101 ne tikai par to, kas atrodas zem fl\u012bz\u0113m, bet ar\u012b par j\u016bsu komfortu. Bez liekiem putek\u013ciem, ar pilnu atbild\u012bbu un garantiju.<br \/>\nAr mums jums nav j\u0101dom\u0101, no kurienes rodas nopl\u016bdes &#8211; jo nekas nepl\u016bst.<\/p>\n","protected":false},"excerpt":{"rendered":"<p>M\u0113s ne tikai ra\u017eojam caurules un kr\u0101nus &#8211; m\u0113s rad\u0101m dro\u0161u sist\u0113mu, kas darbojas bez k\u013c\u016bd\u0101m. M\u0113s kontrol\u0113jam visu, s\u0101kot no s\u0101kuma l\u012bdz pat p\u0113d\u0113jam nodo\u0161anai ekspluat\u0101cij\u0101. M\u0113s str\u0101d\u0101jam prec\u012bzi, iev\u0113rojam standartus un izpild\u0101m darbus laik\u0101. Neatkar\u012bgi no t\u0101, vai tas ir dz\u012bvoklis, priv\u0101tm\u0101ja vai komerci\u0101ls objekts &#8211; m\u0113s prec\u012bzi zin\u0101m, k\u0101 to izdar\u012bt pareizi [&hellip;]<\/p>\n","protected":false},"author":1,"featured_media":0,"parent":887,"menu_order":0,"comment_status":"closed","ping_status":"closed","template":"","meta":{"ngg_post_thumbnail":0,"footnotes":""},"class_list":["post-892","page","type-page","status-publish","hentry"],"acf":[],"jetpack_sharing_enabled":true,"_links":{"self":[{"href":"https:\/\/quartz.lv\/lv\/wp-json\/wp\/v2\/pages\/892","targetHints":{"allow":["GET"]}}],"collection":[{"href":"https:\/\/quartz.lv\/lv\/wp-json\/wp\/v2\/pages"}],"about":[{"href":"https:\/\/quartz.lv\/lv\/wp-json\/wp\/v2\/types\/page"}],"author":[{"embeddable":true,"href":"https:\/\/quartz.lv\/lv\/wp-json\/wp\/v2\/users\/1"}],"replies":[{"embeddable":true,"href":"https:\/\/quartz.lv\/lv\/wp-json\/wp\/v2\/comments?post=892"}],"version-history":[{"count":1,"href":"https:\/\/quartz.lv\/lv\/wp-json\/wp\/v2\/pages\/892\/revisions"}],"predecessor-version":[{"id":1036,"href":"https:\/\/quartz.lv\/lv\/wp-json\/wp\/v2\/pages\/892\/revisions\/1036"}],"up":[{"embeddable":true,"href":"https:\/\/quartz.lv\/lv\/wp-json\/wp\/v2\/pages\/887"}],"wp:attachment":[{"href":"https:\/\/quartz.lv\/lv\/wp-json\/wp\/v2\/media?parent=892"}],"curies":[{"name":"wp","href":"https:\/\/api.w.org\/{rel}","templated":true}]}}