{"id":890,"date":"2023-06-15T10:40:51","date_gmt":"2023-06-15T08:40:51","guid":{"rendered":"https:\/\/quartz.lv\/musu-darbs\/lebuvetas-mebeles"},"modified":"2025-05-10T15:55:19","modified_gmt":"2025-05-10T13:55:19","slug":"lebuvetas-mebeles","status":"publish","type":"page","link":"https:\/\/quartz.lv\/lv\/musu-darbs\/lebuvetas-mebeles","title":{"rendered":"Ieb\u016bv\u0113tas m\u0113beles"},"content":{"rendered":"ngg_shortcode_0_placeholder\n","protected":false},"excerpt":{"rendered":"","protected":false},"author":1,"featured_media":0,"parent":887,"menu_order":0,"comment_status":"closed","ping_status":"closed","template":"","meta":{"ngg_post_thumbnail":0,"footnotes":""},"class_list":["post-890","page","type-page","status-publish","hentry"],"acf":[],"jetpack_sharing_enabled":true,"_links":{"self":[{"href":"https:\/\/quartz.lv\/lv\/wp-json\/wp\/v2\/pages\/890","targetHints":{"allow":["GET"]}}],"collection":[{"href":"https:\/\/quartz.lv\/lv\/wp-json\/wp\/v2\/pages"}],"about":[{"href":"https:\/\/quartz.lv\/lv\/wp-json\/wp\/v2\/types\/page"}],"author":[{"embeddable":true,"href":"https:\/\/quartz.lv\/lv\/wp-json\/wp\/v2\/users\/1"}],"replies":[{"embeddable":true,"href":"https:\/\/quartz.lv\/lv\/wp-json\/wp\/v2\/comments?post=890"}],"version-history":[{"count":1,"href":"https:\/\/quartz.lv\/lv\/wp-json\/wp\/v2\/pages\/890\/revisions"}],"predecessor-version":[{"id":1171,"href":"https:\/\/quartz.lv\/lv\/wp-json\/wp\/v2\/pages\/890\/revisions\/1171"}],"up":[{"embeddable":true,"href":"https:\/\/quartz.lv\/lv\/wp-json\/wp\/v2\/pages\/887"}],"wp:attachment":[{"href":"https:\/\/quartz.lv\/lv\/wp-json\/wp\/v2\/media?parent=890"}],"curies":[{"name":"wp","href":"https:\/\/api.w.org\/{rel}","templated":true}]}}