{"id":888,"date":"2023-06-15T11:11:53","date_gmt":"2023-06-15T09:11:53","guid":{"rendered":"https:\/\/quartz.lv\/musu-darbs\/lekseja-apdare"},"modified":"2025-05-10T15:56:56","modified_gmt":"2025-05-10T13:56:56","slug":"lekseja-apdare","status":"publish","type":"page","link":"https:\/\/quartz.lv\/lv\/musu-darbs\/lekseja-apdare","title":{"rendered":"Iek\u0161\u0113j\u0101 apdare"},"content":{"rendered":"","protected":false},"excerpt":{"rendered":"","protected":false},"author":1,"featured_media":0,"parent":887,"menu_order":0,"comment_status":"closed","ping_status":"closed","template":"","meta":{"ngg_post_thumbnail":0,"footnotes":""},"class_list":["post-888","page","type-page","status-publish","hentry"],"acf":[],"jetpack_sharing_enabled":true,"_links":{"self":[{"href":"https:\/\/quartz.lv\/lv\/wp-json\/wp\/v2\/pages\/888","targetHints":{"allow":["GET"]}}],"collection":[{"href":"https:\/\/quartz.lv\/lv\/wp-json\/wp\/v2\/pages"}],"about":[{"href":"https:\/\/quartz.lv\/lv\/wp-json\/wp\/v2\/types\/page"}],"author":[{"embeddable":true,"href":"https:\/\/quartz.lv\/lv\/wp-json\/wp\/v2\/users\/1"}],"replies":[{"embeddable":true,"href":"https:\/\/quartz.lv\/lv\/wp-json\/wp\/v2\/comments?post=888"}],"version-history":[{"count":1,"href":"https:\/\/quartz.lv\/lv\/wp-json\/wp\/v2\/pages\/888\/revisions"}],"predecessor-version":[{"id":1173,"href":"https:\/\/quartz.lv\/lv\/wp-json\/wp\/v2\/pages\/888\/revisions\/1173"}],"up":[{"embeddable":true,"href":"https:\/\/quartz.lv\/lv\/wp-json\/wp\/v2\/pages\/887"}],"wp:attachment":[{"href":"https:\/\/quartz.lv\/lv\/wp-json\/wp\/v2\/media?parent=888"}],"curies":[{"name":"wp","href":"https:\/\/api.w.org\/{rel}","templated":true}]}}