{"id":887,"date":"2023-06-15T11:09:36","date_gmt":"2023-06-15T09:09:36","guid":{"rendered":"https:\/\/quartz.lv\/musu-darbs"},"modified":"2025-05-10T15:53:44","modified_gmt":"2025-05-10T13:53:44","slug":"musu-darbs","status":"publish","type":"page","link":"https:\/\/quartz.lv\/lv\/musu-darbs","title":{"rendered":"M\u016bsu darbs"},"content":{"rendered":"<h2>Ieb\u016bv\u0113tas m\u0113beles<\/h2>\nngg_shortcode_0_placeholder\n<h2>Iek\u0161\u0113j\u0101 apdare<\/h2>\nngg_shortcode_1_placeholder\n<h2>Santehnikas darbi<\/h2>\nngg_shortcode_2_placeholder\n<h2>Elektromont\u0101\u017eas darbi<\/h2>\nngg_shortcode_3_placeholder\n","protected":false},"excerpt":{"rendered":"<p>Ieb\u016bv\u0113tas m\u0113beles Iek\u0161\u0113j\u0101 apdare Santehnikas darbi Elektromont\u0101\u017eas darbi<\/p>\n","protected":false},"author":1,"featured_media":0,"parent":0,"menu_order":0,"comment_status":"closed","ping_status":"closed","template":"","meta":{"ngg_post_thumbnail":0,"footnotes":""},"class_list":["post-887","page","type-page","status-publish","hentry"],"acf":[],"jetpack_sharing_enabled":true,"_links":{"self":[{"href":"https:\/\/quartz.lv\/lv\/wp-json\/wp\/v2\/pages\/887","targetHints":{"allow":["GET"]}}],"collection":[{"href":"https:\/\/quartz.lv\/lv\/wp-json\/wp\/v2\/pages"}],"about":[{"href":"https:\/\/quartz.lv\/lv\/wp-json\/wp\/v2\/types\/page"}],"author":[{"embeddable":true,"href":"https:\/\/quartz.lv\/lv\/wp-json\/wp\/v2\/users\/1"}],"replies":[{"embeddable":true,"href":"https:\/\/quartz.lv\/lv\/wp-json\/wp\/v2\/comments?post=887"}],"version-history":[{"count":1,"href":"https:\/\/quartz.lv\/lv\/wp-json\/wp\/v2\/pages\/887\/revisions"}],"predecessor-version":[{"id":1170,"href":"https:\/\/quartz.lv\/lv\/wp-json\/wp\/v2\/pages\/887\/revisions\/1170"}],"wp:attachment":[{"href":"https:\/\/quartz.lv\/lv\/wp-json\/wp\/v2\/media?parent=887"}],"curies":[{"name":"wp","href":"https:\/\/api.w.org\/{rel}","templated":true}]}}