{"id":199,"date":"2023-06-11T09:48:40","date_gmt":"2023-06-11T07:48:40","guid":{"rendered":"https:\/\/quartz.lv\/musu-pakalpojumi\/interior-decoration"},"modified":"2025-05-10T15:57:50","modified_gmt":"2025-05-10T13:57:50","slug":"interior-decoration","status":"publish","type":"page","link":"https:\/\/quartz.lv\/lv\/musu-pakalpojumi\/interior-decoration","title":{"rendered":"Iek\u0161\u0113j\u0101 apdare"},"content":{"rendered":"<p>M\u0113s ne tikai renov\u0113jam &#8211; m\u0113s p\u0101rveidojam j\u016bsu telpu. S\u0101kot no idejas un dizaina projekta l\u012bdz pat gal\u012bgajam risin\u0101jumam &#8211; viss ir pabeigts \u201cl\u012bdz atsl\u0113gai\u201d, gl\u012bti un laik\u0101.<br \/>\nM\u016bsu komanda apvieno brigadierus, dizainerus un meistarus, kuri sadzird un saprot, kas jums ir nepiecie\u0161ams. M\u0113s \u0146emam v\u0113r\u0101 katru deta\u013cu: funkcionalit\u0101ti, est\u0113tiku, j\u016bsu dz\u012bves ritmu.<br \/>\nV\u0113laties interjeru k\u0101 no \u017eurn\u0101la? Viegli. Nepiecie\u0161ams stil\u012bgs, bet praktisks remonts, kas atbilst j\u016bsu bud\u017eetam? M\u0113s zin\u0101m, k\u0101.<br \/>\nAr mums j\u016bs nemin\u0113siet, kas notiek uz vietas, &#8211; m\u0113s j\u016bs past\u0101v\u012bgi inform\u0113sim. J\u016bs vienk\u0101r\u0161i v\u0113rojat, k\u0101 sapnis k\u013c\u016bst par realit\u0101ti.<\/p>\n<p>\ud83d\udcde Apdares darbu jaut\u0101jumos sazinieties ar speci\u0101listu: <strong>+371 2743 4262<\/strong><\/p>\n","protected":false},"excerpt":{"rendered":"<p>M\u0113s ne tikai renov\u0113jam &#8211; m\u0113s p\u0101rveidojam j\u016bsu telpu. S\u0101kot no idejas un dizaina projekta l\u012bdz pat gal\u012bgajam risin\u0101jumam &#8211; viss ir pabeigts \u201cl\u012bdz atsl\u0113gai\u201d, gl\u012bti un laik\u0101. M\u016bsu komanda apvieno brigadierus, dizainerus un meistarus, kuri sadzird un saprot, kas jums ir nepiecie\u0161ams. M\u0113s \u0146emam v\u0113r\u0101 katru deta\u013cu: funkcionalit\u0101ti, est\u0113tiku, j\u016bsu dz\u012bves ritmu. V\u0113laties interjeru [&hellip;]<\/p>\n","protected":false},"author":1,"featured_media":0,"parent":179,"menu_order":0,"comment_status":"closed","ping_status":"closed","template":"","meta":{"ngg_post_thumbnail":0,"footnotes":""},"class_list":["post-199","page","type-page","status-publish","hentry"],"acf":[],"jetpack_sharing_enabled":true,"_links":{"self":[{"href":"https:\/\/quartz.lv\/lv\/wp-json\/wp\/v2\/pages\/199","targetHints":{"allow":["GET"]}}],"collection":[{"href":"https:\/\/quartz.lv\/lv\/wp-json\/wp\/v2\/pages"}],"about":[{"href":"https:\/\/quartz.lv\/lv\/wp-json\/wp\/v2\/types\/page"}],"author":[{"embeddable":true,"href":"https:\/\/quartz.lv\/lv\/wp-json\/wp\/v2\/users\/1"}],"replies":[{"embeddable":true,"href":"https:\/\/quartz.lv\/lv\/wp-json\/wp\/v2\/comments?post=199"}],"version-history":[{"count":4,"href":"https:\/\/quartz.lv\/lv\/wp-json\/wp\/v2\/pages\/199\/revisions"}],"predecessor-version":[{"id":1174,"href":"https:\/\/quartz.lv\/lv\/wp-json\/wp\/v2\/pages\/199\/revisions\/1174"}],"up":[{"embeddable":true,"href":"https:\/\/quartz.lv\/lv\/wp-json\/wp\/v2\/pages\/179"}],"wp:attachment":[{"href":"https:\/\/quartz.lv\/lv\/wp-json\/wp\/v2\/media?parent=199"}],"curies":[{"name":"wp","href":"https:\/\/api.w.org\/{rel}","templated":true}]}}