{"id":197,"date":"2023-06-11T09:55:20","date_gmt":"2023-06-11T07:55:20","guid":{"rendered":"https:\/\/quartz.lv\/musu-pakalpojumi\/lebuvetas-mebeles"},"modified":"2025-05-10T15:56:12","modified_gmt":"2025-05-10T13:56:12","slug":"lebuvetas-mebeles","status":"publish","type":"page","link":"https:\/\/quartz.lv\/lv\/musu-pakalpojumi\/lebuvetas-mebeles","title":{"rendered":"Ieb\u016bv\u0113tas m\u0113beles"},"content":{"rendered":"<div id=\"tw-target-text-container\" class=\"tw-ta-container tw-nfl\" tabindex=\"0\" role=\"text\">\n<pre id=\"tw-target-text\" class=\"tw-data-text tw-text-large tw-ta\" dir=\"ltr\" data-placeholder=\"\u041f\u0435\u0440\u0435\u0432\u043e\u0434\" data-ved=\"2ahUKEwi3mc7jpo-NAxVlJRAIHbtSB6EQ3ewLegQICRAU\" aria-label=\"\u041f\u0435\u0440\u0435\u0432\u0435\u0434\u0435\u043d\u043d\u044b\u0439 \u0442\u0435\u043a\u0441\u0442: M\u0113s ne tikai izgatavojam m\u0113beles \u2013 m\u0113s padar\u0101m telpu stil\u012bgu. Dizains, ergonomika, kvalit\u0101te ir tr\u012bs m\u016bsu darba pamati. Izstr\u0101d\u0101jam individu\u0101lus projektus, \u0146emot v\u0113r\u0101 ne tikai telpas lielumu, bet ar\u012b J\u016bsu raksturu, dz\u012bves ritmu, est\u0113tiku. Virtuves, skapji, skapji, biroja m\u0113beles - viss tiek rad\u012bts no nulles, p\u0113c pas\u016bt\u012bjuma. Aizmirstiet par kompromisiem: pie mums j\u016bsu interjers run\u0101s j\u016bsu valod\u0101.\"><span class=\"Y2IQFc\" lang=\"lv\">M\u0113s ne tikai izgatavojam m\u0113beles \u2013 m\u0113s padar\u0101m telpu stil\u012bgu.\r\nDizains, ergonomika, kvalit\u0101te ir tr\u012bs m\u016bsu darba pamati.\r\nIzstr\u0101d\u0101jam individu\u0101lus projektus, \u0146emot v\u0113r\u0101 ne tikai telpas lielumu,\r\n bet ar\u012b J\u016bsu raksturu, dz\u012bves ritmu, est\u0113tiku. \r\nVirtuves, skapji, biroja m\u0113beles - viss tiek rad\u012bts no nulles, p\u0113c pas\u016bt\u012bjuma. \r\nAizmirstiet par kompromisiem: pie mums j\u016bsu interjers run\u0101s j\u016bsu valod\u0101.<\/span><\/pre>\n<\/div>\n<div id=\"tw-target-rmn-container\" class=\"tw-target-rmn tw-ta-container tw-nfl\" tabindex=\"0\" role=\"text\">\n<pre id=\"tw-target-rmn\" class=\"tw-data-placeholder tw-text-small tw-ta\" dir=\"ltr\" data-placeholder=\"\">\ud83d\udcde M\u0113be\u013cu jaut\u0101jumos sazinieties ar speci\u0101listu:<strong> +371 27427922<\/strong><\/pre>\n<\/div>\n","protected":false},"excerpt":{"rendered":"<p>M\u0113s ne tikai izgatavojam m\u0113beles \u2013 m\u0113s padar\u0101m telpu stil\u012bgu. Dizains, ergonomika, kvalit\u0101te ir tr\u012bs m\u016bsu darba pamati. Izstr\u0101d\u0101jam individu\u0101lus projektus, \u0146emot v\u0113r\u0101 ne tikai telpas lielumu, bet ar\u012b J\u016bsu raksturu, dz\u012bves ritmu, est\u0113tiku. Virtuves, skapji, biroja m\u0113beles &#8211; viss tiek rad\u012bts no nulles, p\u0113c pas\u016bt\u012bjuma. Aizmirstiet par kompromisiem: pie mums j\u016bsu interjers run\u0101s j\u016bsu [&hellip;]<\/p>\n","protected":false},"author":1,"featured_media":0,"parent":179,"menu_order":0,"comment_status":"closed","ping_status":"closed","template":"","meta":{"ngg_post_thumbnail":0,"footnotes":""},"class_list":["post-197","page","type-page","status-publish","hentry"],"acf":[],"jetpack_sharing_enabled":true,"_links":{"self":[{"href":"https:\/\/quartz.lv\/lv\/wp-json\/wp\/v2\/pages\/197","targetHints":{"allow":["GET"]}}],"collection":[{"href":"https:\/\/quartz.lv\/lv\/wp-json\/wp\/v2\/pages"}],"about":[{"href":"https:\/\/quartz.lv\/lv\/wp-json\/wp\/v2\/types\/page"}],"author":[{"embeddable":true,"href":"https:\/\/quartz.lv\/lv\/wp-json\/wp\/v2\/users\/1"}],"replies":[{"embeddable":true,"href":"https:\/\/quartz.lv\/lv\/wp-json\/wp\/v2\/comments?post=197"}],"version-history":[{"count":7,"href":"https:\/\/quartz.lv\/lv\/wp-json\/wp\/v2\/pages\/197\/revisions"}],"predecessor-version":[{"id":1172,"href":"https:\/\/quartz.lv\/lv\/wp-json\/wp\/v2\/pages\/197\/revisions\/1172"}],"up":[{"embeddable":true,"href":"https:\/\/quartz.lv\/lv\/wp-json\/wp\/v2\/pages\/179"}],"wp:attachment":[{"href":"https:\/\/quartz.lv\/lv\/wp-json\/wp\/v2\/media?parent=197"}],"curies":[{"name":"wp","href":"https:\/\/api.w.org\/{rel}","templated":true}]}}