{"id":196,"date":"2023-06-11T09:47:41","date_gmt":"2023-06-11T07:47:41","guid":{"rendered":"https:\/\/quartz.lv\/musu-pakalpojumi\/santehnikas-darbi"},"modified":"2025-05-06T21:39:30","modified_gmt":"2025-05-06T19:39:30","slug":"santehnikas-darbi","status":"publish","type":"page","link":"https:\/\/quartz.lv\/lv\/musu-pakalpojumi\/santehnikas-darbi","title":{"rendered":"Santehnikas darbi"},"content":{"rendered":"<p class=\"\" data-start=\"44\" data-end=\"709\"><strong data-start=\"44\" data-end=\"167\">M\u0113s nodarbojamies ne tikai ar caurul\u0113m un jauc\u0113jkr\u0101niem \u2014 m\u0113s veidojam uzticamu sist\u0113mu, kas darbojas bez trauc\u0113jumiem.<\/strong><br data-start=\"167\" data-end=\"170\">Mont\u0101\u017ea, nomai\u0146a, komunik\u0101ciju izvieto\u0161ana, santehnikas uzst\u0101d\u012b\u0161ana \u2014 m\u0113s visu p\u0101r\u0146emam sav\u0101s rok\u0101s no s\u0101kuma l\u012bdz gala palai\u0161anai.<br data-start=\"301\" data-end=\"304\">Str\u0101d\u0101jam r\u016bp\u012bgi, iev\u0113rojam standartus, darbu nododam laik\u0101. Neatkar\u012bgi no t\u0101, vai tas ir dz\u012bvoklis, priv\u0101tm\u0101ja vai komerci\u0101ls objekts \u2014 m\u0113s zin\u0101m, k\u0101 izdar\u012bt \u201ck\u0101 pien\u0101kas\u201d un uzreiz pareizi.<br data-start=\"495\" data-end=\"498\">M\u016bsu speci\u0101listi dom\u0101 ne tikai par to, kas atrodas zem fl\u012bz\u0113m, bet ar\u012b par j\u016bsu komfortu. Bez liekiem net\u012brumiem, ar pilnu atskaiti un garantiju.<br data-start=\"643\" data-end=\"646\" data-is-only-node=\"\">Ar mums jums neb\u016bs j\u0101min, no kurienes tek \u2014 jo vienk\u0101r\u0161i netek.<\/p>\n<p class=\"\" data-start=\"711\" data-end=\"785\">\ud83d\udcde Santehnikas darbu jaut\u0101jumos sazinieties ar speci\u0101listu: <strong>+371 2743 4262<\/strong><\/p>\n","protected":false},"excerpt":{"rendered":"<p>M\u0113s nodarbojamies ne tikai ar caurul\u0113m un jauc\u0113jkr\u0101niem \u2014 m\u0113s veidojam uzticamu sist\u0113mu, kas darbojas bez trauc\u0113jumiem.Mont\u0101\u017ea, nomai\u0146a, komunik\u0101ciju izvieto\u0161ana, santehnikas uzst\u0101d\u012b\u0161ana \u2014 m\u0113s visu p\u0101r\u0146emam sav\u0101s rok\u0101s no s\u0101kuma l\u012bdz gala palai\u0161anai.Str\u0101d\u0101jam r\u016bp\u012bgi, iev\u0113rojam standartus, darbu nododam laik\u0101. Neatkar\u012bgi no t\u0101, vai tas ir dz\u012bvoklis, priv\u0101tm\u0101ja vai komerci\u0101ls objekts \u2014 m\u0113s zin\u0101m, k\u0101 izdar\u012bt [&hellip;]<\/p>\n","protected":false},"author":1,"featured_media":0,"parent":179,"menu_order":0,"comment_status":"closed","ping_status":"closed","template":"","meta":{"ngg_post_thumbnail":0,"footnotes":""},"class_list":["post-196","page","type-page","status-publish","hentry"],"acf":[],"jetpack_sharing_enabled":true,"_links":{"self":[{"href":"https:\/\/quartz.lv\/lv\/wp-json\/wp\/v2\/pages\/196","targetHints":{"allow":["GET"]}}],"collection":[{"href":"https:\/\/quartz.lv\/lv\/wp-json\/wp\/v2\/pages"}],"about":[{"href":"https:\/\/quartz.lv\/lv\/wp-json\/wp\/v2\/types\/page"}],"author":[{"embeddable":true,"href":"https:\/\/quartz.lv\/lv\/wp-json\/wp\/v2\/users\/1"}],"replies":[{"embeddable":true,"href":"https:\/\/quartz.lv\/lv\/wp-json\/wp\/v2\/comments?post=196"}],"version-history":[{"count":2,"href":"https:\/\/quartz.lv\/lv\/wp-json\/wp\/v2\/pages\/196\/revisions"}],"predecessor-version":[{"id":1082,"href":"https:\/\/quartz.lv\/lv\/wp-json\/wp\/v2\/pages\/196\/revisions\/1082"}],"up":[{"embeddable":true,"href":"https:\/\/quartz.lv\/lv\/wp-json\/wp\/v2\/pages\/179"}],"wp:attachment":[{"href":"https:\/\/quartz.lv\/lv\/wp-json\/wp\/v2\/media?parent=196"}],"curies":[{"name":"wp","href":"https:\/\/api.w.org\/{rel}","templated":true}]}}