{"id":193,"date":"2023-06-11T09:47:14","date_gmt":"2023-06-11T07:47:14","guid":{"rendered":"https:\/\/quartz.lv\/musu-pakalpojumi\/elektromontazhnye-raboty"},"modified":"2025-05-06T21:35:33","modified_gmt":"2025-05-06T19:35:33","slug":"elektromontazhnye-raboty","status":"publish","type":"page","link":"https:\/\/quartz.lv\/lv\/musu-pakalpojumi\/elektromontazhnye-raboty","title":{"rendered":"Elektromont\u0101\u017eas darbi"},"content":{"rendered":"<p>M\u0113s ne tikai kl\u0101jam kabe\u013cus &#8211; m\u0113s projekt\u0113jam, lai nodro\u0161in\u0101tu uzticam\u012bbu. M\u0113s veicam visu elektromont\u0101\u017eas darbu ciklu \u201cl\u012bdz atsl\u0113gai\u201d, s\u0101kot no sh\u0113mu sast\u0101d\u012b\u0161anas l\u012bdz rozete\u043c, pane\u013cu un apgaismojuma uzst\u0101d\u012b\u0161anai.<br \/>\nM\u0113s str\u0101d\u0101jam r\u016bp\u012bgi, saska\u0146\u0101 ar standartiem, ar garantiju un ar cie\u0146u pret j\u016bsu laiku. Neatkar\u012bgi no t\u0101, vai tas ir dz\u012bvoklis, m\u0101ja, birojs vai komerci\u0101ls objekts, m\u0113s visu dar\u0101m skaidri un prec\u012bzi.<br \/>\nM\u016bsu komanda ir pieredz\u0113ju\u0161i profesion\u0101\u013ci, kas saprot, ka elektr\u012bba ir saist\u012bta ar dro\u0161\u012bbu, komfortu un stabilit\u0101ti.<br \/>\nJ\u016bs nepaliksiet bez gaismas un bez atbildes: m\u0113s vienm\u0113r esam gatavi izsaukumam un inform\u0113ti par katru s\u012bkumu. Ar mums viss ir dro\u0161i jau no pirm\u0101 klik\u0161\u0137a.<\/p>\n<p>\ud83d\udcde Elektroinstal\u0101cijas darbu jaut\u0101jumos sazinieties ar speci\u0101listu: <strong>+371 2544 0110<\/strong><\/p>\n","protected":false},"excerpt":{"rendered":"<p>M\u0113s ne tikai kl\u0101jam kabe\u013cus &#8211; m\u0113s projekt\u0113jam, lai nodro\u0161in\u0101tu uzticam\u012bbu. M\u0113s veicam visu elektromont\u0101\u017eas darbu ciklu \u201cl\u012bdz atsl\u0113gai\u201d, s\u0101kot no sh\u0113mu sast\u0101d\u012b\u0161anas l\u012bdz rozete\u043c, pane\u013cu un apgaismojuma uzst\u0101d\u012b\u0161anai. M\u0113s str\u0101d\u0101jam r\u016bp\u012bgi, saska\u0146\u0101 ar standartiem, ar garantiju un ar cie\u0146u pret j\u016bsu laiku. Neatkar\u012bgi no t\u0101, vai tas ir dz\u012bvoklis, m\u0101ja, birojs vai komerci\u0101ls objekts, [&hellip;]<\/p>\n","protected":false},"author":1,"featured_media":0,"parent":179,"menu_order":0,"comment_status":"closed","ping_status":"closed","template":"","meta":{"ngg_post_thumbnail":0,"footnotes":""},"class_list":["post-193","page","type-page","status-publish","hentry"],"acf":[],"jetpack_sharing_enabled":true,"_links":{"self":[{"href":"https:\/\/quartz.lv\/lv\/wp-json\/wp\/v2\/pages\/193","targetHints":{"allow":["GET"]}}],"collection":[{"href":"https:\/\/quartz.lv\/lv\/wp-json\/wp\/v2\/pages"}],"about":[{"href":"https:\/\/quartz.lv\/lv\/wp-json\/wp\/v2\/types\/page"}],"author":[{"embeddable":true,"href":"https:\/\/quartz.lv\/lv\/wp-json\/wp\/v2\/users\/1"}],"replies":[{"embeddable":true,"href":"https:\/\/quartz.lv\/lv\/wp-json\/wp\/v2\/comments?post=193"}],"version-history":[{"count":3,"href":"https:\/\/quartz.lv\/lv\/wp-json\/wp\/v2\/pages\/193\/revisions"}],"predecessor-version":[{"id":1081,"href":"https:\/\/quartz.lv\/lv\/wp-json\/wp\/v2\/pages\/193\/revisions\/1081"}],"up":[{"embeddable":true,"href":"https:\/\/quartz.lv\/lv\/wp-json\/wp\/v2\/pages\/179"}],"wp:attachment":[{"href":"https:\/\/quartz.lv\/lv\/wp-json\/wp\/v2\/media?parent=193"}],"curies":[{"name":"wp","href":"https:\/\/api.w.org\/{rel}","templated":true}]}}