{"id":179,"date":"2017-02-24T15:07:13","date_gmt":"2017-02-24T13:07:13","guid":{"rendered":"https:\/\/quartz.lv\/musu-pakalpojumi"},"modified":"2025-05-06T20:09:18","modified_gmt":"2025-05-06T18:09:18","slug":"musu-pakalpojumi","status":"publish","type":"page","link":"https:\/\/quartz.lv\/lv\/musu-pakalpojumi","title":{"rendered":"M\u016bsu pakalpojumi"},"content":{"rendered":"<h3 class=\"\" data-start=\"181\" data-end=\"206\">\ud83d\udd27 M\u016bsu pakalpojumi<\/h3>\n<p class=\"\" data-start=\"207\" data-end=\"484\">M\u0113s pied\u0101v\u0101jam visaptvero\u0161us risin\u0101jumus j\u016bsu m\u0101joklim \u2014 no funkcion\u0101l\u0101m virtuves m\u0113bel\u0113m p\u0113c pas\u016bt\u012bjuma l\u012bdz dz\u012bvok\u013cu remontam &#8220;atsl\u0113g\u0101&#8221;.<br data-start=\"345\" data-end=\"348\">Jums nav j\u0101t\u0113r\u0113 laiks da\u017e\u0101du meistaru mekl\u0113\u0161anai \u2014 visu, kas nepiecie\u0161ams j\u016bsu ide\u0101l\u0101s telpas izveidei vai atjauno\u0161anai, nodro\u0161in\u0101m m\u0113s.<\/p>\n<p class=\"\" data-start=\"486\" data-end=\"775\"><strong data-start=\"486\" data-end=\"516\">\ud83d\udcd0 Virtuves p\u0113c pas\u016bt\u012bjuma<\/strong><br data-start=\"516\" data-end=\"519\">M\u0113s izgatavojam virtuves, kur viss ir p\u0101rdom\u0101ts \u2014 gan dizains, gan funkcionalit\u0101te. Individu\u0101ls projekts, kvalitat\u012bti materi\u0101li un furnit\u016bra, prec\u012bzi m\u0113r\u012bjumi un profesion\u0101la uzst\u0101d\u012b\u0161ana. \u0145emam v\u0113r\u0101 j\u016bsu ikdienas vajadz\u012bbas, telpas iesp\u0113jas un dz\u012bvesstilu.<\/p>\n<p class=\"\" data-start=\"777\" data-end=\"1129\"><strong data-start=\"777\" data-end=\"810\">\ud83c\udfe0 Dz\u012bvok\u013cu remonts &#8220;atsl\u0113g\u0101&#8221;<\/strong><br data-start=\"810\" data-end=\"813\">Veicam remontdarbus jebkuras sare\u017e\u0123\u012bt\u012bbas l\u012bmen\u012b \u2014 no demont\u0101\u017eas l\u012bdz gala apdarei. Pakalpojum\u0101 ietilpst:<br data-start=\"918\" data-end=\"921\">\u2013 demont\u0101\u017ea un virsmu sagatavo\u0161ana<br data-start=\"955\" data-end=\"958\">\u2013 sienu, griestu un gr\u012bdu izl\u012bdzin\u0101\u0161ana<br data-start=\"997\" data-end=\"1000\">\u2013 elektromont\u0101\u017ea un santehnikas darbi<br data-start=\"1042\" data-end=\"1045\">\u2013 apdare (tapetes, fl\u012bzes, kr\u0101so\u0161ana u.c.)<br data-start=\"1087\" data-end=\"1090\" data-is-only-node=\"\">\u2013 m\u0113be\u013cu mont\u0101\u017ea un \u0123ener\u0101l\u0101 t\u012br\u012b\u0161ana<\/p>\n<p class=\"\" data-start=\"1131\" data-end=\"1282\">M\u0113s kontrol\u0113jam katru posmu, regul\u0101ri inform\u0113jam klientu un atbildam par rezult\u0101tu.<br data-start=\"1214\" data-end=\"1217\">Ar mums j\u016bsu m\u0101joklis tiek atjaunots skaisti, \u0113rti un bez stresa.<\/p>\n","protected":false},"excerpt":{"rendered":"<p>\ud83d\udd27 M\u016bsu pakalpojumi M\u0113s pied\u0101v\u0101jam visaptvero\u0161us risin\u0101jumus j\u016bsu m\u0101joklim \u2014 no funkcion\u0101l\u0101m virtuves m\u0113bel\u0113m p\u0113c pas\u016bt\u012bjuma l\u012bdz dz\u012bvok\u013cu remontam &#8220;atsl\u0113g\u0101&#8221;.Jums nav j\u0101t\u0113r\u0113 laiks da\u017e\u0101du meistaru mekl\u0113\u0161anai \u2014 visu, kas nepiecie\u0161ams j\u016bsu ide\u0101l\u0101s telpas izveidei vai atjauno\u0161anai, nodro\u0161in\u0101m m\u0113s. \ud83d\udcd0 Virtuves p\u0113c pas\u016bt\u012bjumaM\u0113s izgatavojam virtuves, kur viss ir p\u0101rdom\u0101ts \u2014 gan dizains, gan funkcionalit\u0101te. Individu\u0101ls projekts, [&hellip;]<\/p>\n","protected":false},"author":1,"featured_media":0,"parent":0,"menu_order":0,"comment_status":"closed","ping_status":"closed","template":"","meta":{"ngg_post_thumbnail":0,"footnotes":""},"class_list":["post-179","page","type-page","status-publish","hentry"],"acf":[],"jetpack_sharing_enabled":true,"_links":{"self":[{"href":"https:\/\/quartz.lv\/lv\/wp-json\/wp\/v2\/pages\/179","targetHints":{"allow":["GET"]}}],"collection":[{"href":"https:\/\/quartz.lv\/lv\/wp-json\/wp\/v2\/pages"}],"about":[{"href":"https:\/\/quartz.lv\/lv\/wp-json\/wp\/v2\/types\/page"}],"author":[{"embeddable":true,"href":"https:\/\/quartz.lv\/lv\/wp-json\/wp\/v2\/users\/1"}],"replies":[{"embeddable":true,"href":"https:\/\/quartz.lv\/lv\/wp-json\/wp\/v2\/comments?post=179"}],"version-history":[{"count":1,"href":"https:\/\/quartz.lv\/lv\/wp-json\/wp\/v2\/pages\/179\/revisions"}],"predecessor-version":[{"id":1039,"href":"https:\/\/quartz.lv\/lv\/wp-json\/wp\/v2\/pages\/179\/revisions\/1039"}],"wp:attachment":[{"href":"https:\/\/quartz.lv\/lv\/wp-json\/wp\/v2\/media?parent=179"}],"curies":[{"name":"wp","href":"https:\/\/api.w.org\/{rel}","templated":true}]}}