{"id":143,"date":"2017-02-23T21:52:20","date_gmt":"2017-02-23T19:52:20","guid":{"rendered":"https:\/\/quartz.lv\/glavnaya"},"modified":"2025-05-18T20:15:11","modified_gmt":"2025-05-18T18:15:11","slug":"glavnaya","status":"publish","type":"page","link":"https:\/\/quartz.lv\/lv","title":{"rendered":"M\u0101jas"},"content":{"rendered":"<p>M\u0113s specializ\u0113jamies uz pla\u0161a sortimenta iek\u0161\u0113j\u0101s apdares remontdarbu veik\u0161anas. M\u016bsu kolekt\u012bvs pied\u0101v\u0101 saviem klientiem:<\/p>\n<ul>\n<li>kvalit\u0101tes garantiju;<\/li>\n<li>pat\u012bkamas cenas;<\/li>\n<li>kompetenci uzdevumu risin\u0101\u0161an\u0101;<\/li>\n<li>iek\u0161\u0113j\u0101s apdares remontdarbu veik\u0161anu \u012bsos termi\u0146os;<\/li>\n<li>tikai p\u0101rbaud\u012btu un kvalitat\u012bvu materi\u0101lu izmanto\u0161anu.<\/li>\n<\/ul>\n<p>Visus darbus veicam, strikti iev\u0113rojot tehnisk\u0101s dro\u0161\u012bbas noteikumus un noteiktos normat\u012bvus<\/p>\n<p>Kompetento speci\u0101listu skaits sniedz iesp\u0113ju risin\u0101tas da\u017e\u0101du gr\u016bt\u012bbas pak\u0101pju un apjoma uzdevumus. M\u0113s nov\u0113rt\u0113jam m\u016bsu klientus un apvienojam kvalit\u0101ti, pieejamas cenas un \u0101trus izpildes termi\u0146us.<\/p>\n<p>Ar pilnu pakalpojumu kl\u0101stu J\u016bs varat iepaz\u012bties sada\u013c\u0101 &#8220;<a href=\"https:\/\/quartz.lv\/lv\/musu-pakalpojumi\">M\u016bsu pakalpojumi<\/a>&#8220;<\/p>\n","protected":false},"excerpt":{"rendered":"<p>M\u0113s specializ\u0113jamies uz pla\u0161a sortimenta iek\u0161\u0113j\u0101s apdares remontdarbu veik\u0161anas. M\u016bsu kolekt\u012bvs pied\u0101v\u0101 saviem klientiem: kvalit\u0101tes garantiju; pat\u012bkamas cenas; kompetenci uzdevumu risin\u0101\u0161an\u0101; iek\u0161\u0113j\u0101s apdares remontdarbu veik\u0161anu \u012bsos termi\u0146os; tikai p\u0101rbaud\u012btu un kvalitat\u012bvu materi\u0101lu izmanto\u0161anu. Visus darbus veicam, strikti iev\u0113rojot tehnisk\u0101s dro\u0161\u012bbas noteikumus un noteiktos normat\u012bvus Kompetento speci\u0101listu skaits sniedz iesp\u0113ju risin\u0101tas da\u017e\u0101du gr\u016bt\u012bbas pak\u0101pju un apjoma [&hellip;]<\/p>\n","protected":false},"author":1,"featured_media":0,"parent":0,"menu_order":0,"comment_status":"closed","ping_status":"open","template":"HomePage.php","meta":{"ngg_post_thumbnail":0,"footnotes":""},"class_list":["post-143","page","type-page","status-publish","hentry"],"acf":[],"jetpack_sharing_enabled":true,"_links":{"self":[{"href":"https:\/\/quartz.lv\/lv\/wp-json\/wp\/v2\/pages\/143","targetHints":{"allow":["GET"]}}],"collection":[{"href":"https:\/\/quartz.lv\/lv\/wp-json\/wp\/v2\/pages"}],"about":[{"href":"https:\/\/quartz.lv\/lv\/wp-json\/wp\/v2\/types\/page"}],"author":[{"embeddable":true,"href":"https:\/\/quartz.lv\/lv\/wp-json\/wp\/v2\/users\/1"}],"replies":[{"embeddable":true,"href":"https:\/\/quartz.lv\/lv\/wp-json\/wp\/v2\/comments?post=143"}],"version-history":[{"count":11,"href":"https:\/\/quartz.lv\/lv\/wp-json\/wp\/v2\/pages\/143\/revisions"}],"predecessor-version":[{"id":1183,"href":"https:\/\/quartz.lv\/lv\/wp-json\/wp\/v2\/pages\/143\/revisions\/1183"}],"wp:attachment":[{"href":"https:\/\/quartz.lv\/lv\/wp-json\/wp\/v2\/media?parent=143"}],"curies":[{"name":"wp","href":"https:\/\/api.w.org\/{rel}","templated":true}]}}